{"id":211,"date":"2023-05-05T14:57:00","date_gmt":"2023-05-05T14:57:00","guid":{"rendered":"https:\/\/conexionvictoria.com\/?page_id=211"},"modified":"2023-08-22T12:59:47","modified_gmt":"2023-08-22T12:59:47","slug":"conexion-victoria-retiro-amate-copy","status":"publish","type":"page","link":"https:\/\/conexionvictoria.com\/","title":{"rendered":"Conexi\u00f3n Victoria. Retiro \u00c1mate. &#8211; Copy"},"content":{"rendered":"<style>\/*! elementor - v3.12.2 - 23-04-2023 *\/<br \/>\n.elementor-widget-image{text-align:center}.elementor-widget-image a{display:inline-block}.elementor-widget-image a img[src$=\".svg\"]{width:48px}.elementor-widget-image img{vertical-align:middle;display:inline-block}<\/style>\n<p><img loading=\"lazy\" decoding=\"async\" src=\"http:\/\/conexionvictoria.com\/wp-content\/uploads\/2023\/05\/logo-2-1-1024x1024.png\" sizes=\"auto, (max-width: 800px) 100vw, 800px\" srcset=\"https:\/\/conexionvictoria.com\/wp-content\/uploads\/2023\/05\/logo-2-1-1024x1024.png 1024w, https:\/\/conexionvictoria.com\/wp-content\/uploads\/2023\/05\/logo-2-1-e1683230163277-300x300.png 300w, https:\/\/conexionvictoria.com\/wp-content\/uploads\/2023\/05\/logo-2-1-e1683230163277-150x150.png 150w, https:\/\/conexionvictoria.com\/wp-content\/uploads\/2023\/05\/logo-2-1-768x768.png 768w, https:\/\/conexionvictoria.com\/wp-content\/uploads\/2023\/05\/logo-2-1-600x600.png 600w, https:\/\/conexionvictoria.com\/wp-content\/uploads\/2023\/05\/logo-2-1-e1683230163277-100x100.png 100w, https:\/\/conexionvictoria.com\/wp-content\/uploads\/2023\/05\/logo-2-1-e1683230163277.png 520w\" alt=\"\" width=\"800\" height=\"800\" \/><\/p>\n<style>\/*! elementor - v3.12.2 - 23-04-2023 *\/<br \/>\n.elementor-heading-title{padding:0;margin:0;line-height:1}.elementor-widget-heading .elementor-heading-title[class*=elementor-size-]>a{color:inherit;font-size:inherit;line-height:inherit}.elementor-widget-heading .elementor-heading-title.elementor-size-small{font-size:15px}.elementor-widget-heading .elementor-heading-title.elementor-size-medium{font-size:19px}.elementor-widget-heading .elementor-heading-title.elementor-size-large{font-size:29px}.elementor-widget-heading .elementor-heading-title.elementor-size-xl{font-size:39px}.elementor-widget-heading .elementor-heading-title.elementor-size-xxl{font-size:59px}<\/style>\n<h2>Retiro \u00c1mate<\/h2>\n<p>\u00a1Descubre el primer nivel de la toma de conciencia de la sanaci\u00f3n celular emocional y prep\u00e1rate para una <strong>transformaci\u00f3n interna profunda<\/strong>!<\/p>\n<p>\u00bfEst\u00e1s listo para dar un paso hacia una vida plena y empoderada? \u00a1Te esperamos en este retiro \u00fanico!<\/p>\n<p><em><strong>Marca el 23 y 24 de septiembre en tu calendario, nos vemos en el Monasterio de Montserrat, en la sala Abad Muntades.<\/strong><\/em><\/p>\n<p><img loading=\"lazy\" decoding=\"async\" src=\"http:\/\/conexionvictoria.com\/wp-content\/uploads\/2023\/05\/Captura-de-pantalla-2023-05-04-a-las-20.11.05.png\" sizes=\"auto, (max-width: 379px) 100vw, 379px\" srcset=\"https:\/\/conexionvictoria.com\/wp-content\/uploads\/2023\/05\/Captura-de-pantalla-2023-05-04-a-las-20.11.05.png 379w, https:\/\/conexionvictoria.com\/wp-content\/uploads\/2023\/05\/Captura-de-pantalla-2023-05-04-a-las-20.11.05-295x300.png 295w\" alt=\"\" width=\"379\" height=\"386\" \/><br \/>\n<img loading=\"lazy\" decoding=\"async\" src=\"http:\/\/conexionvictoria.com\/wp-content\/uploads\/2023\/05\/105667.jpg-1024x684.webp\" sizes=\"auto, (max-width: 800px) 100vw, 800px\" srcset=\"https:\/\/conexionvictoria.com\/wp-content\/uploads\/2023\/05\/105667.jpg-1024x684.webp 1024w, https:\/\/conexionvictoria.com\/wp-content\/uploads\/2023\/05\/105667.jpg-300x200.webp 300w, https:\/\/conexionvictoria.com\/wp-content\/uploads\/2023\/05\/105667.jpg-768x513.webp 768w, https:\/\/conexionvictoria.com\/wp-content\/uploads\/2023\/05\/105667.jpg-600x401.webp 600w, https:\/\/conexionvictoria.com\/wp-content\/uploads\/2023\/05\/105667.jpg.webp 1200w\" alt=\"\" width=\"800\" height=\"534\" \/><\/p>\n<h2>Este retiro es para ti si&#8230;<\/h2>\n<ul>\n<li>Quieres sanar emociones y empoderarte a nivel celular.<\/li>\n<li>Est\u00e1s comprometido\/a con tu crecimiento personal y autoconocimiento.<\/li>\n<li>Necesitas recuperar el equilibrio y la paz interna en medio del estr\u00e9s.<\/li>\n<li>Deseas fortalecer tu amor propio y confianza en ti mismo\/a.<\/li>\n<li>Buscas integrar ciencia y espiritualidad para obtener un bienestar completo.<\/li>\n<\/ul>\n<h2>\u00bfEn qu\u00e9 consiste?<\/h2>\n<p style=\"border: 0px solid #d9d9e3; --tw-border-spacing-x: 0; --tw-border-spacing-y: 0; --tw-translate-x: 0; --tw-translate-y: 0; --tw-rotate: 0; --tw-skew-x: 0; --tw-skew-y: 0; --tw-scale-x: 1; --tw-scale-y: 1; --tw-scroll-snap-strictness: proximity; --tw-ring-offset-width: 0px; --tw-ring-offset-color: #fff; --tw-ring-color: rgba(59,130,246,0.5); --tw-ring-offset-shadow: 0 0 transparent; --tw-ring-shadow: 0 0 transparent; --tw-shadow: 0 0 transparent; --tw-shadow-colored: 0 0 transparent; margin: 1.25em 0px; caret-color: #374151; color: #374151; font-family: S\u00f6hne, ui-sans-serif, system-ui, -apple-system, 'Segoe UI', Roboto, Ubuntu, Cantarell, 'Noto Sans', sans-serif, 'Helvetica Neue', Arial, 'Apple Color Emoji', 'Segoe UI Emoji', 'Segoe UI Symbol', 'Noto Color Emoji'; white-space: pre-wrap;\">Sum\u00e9rgete en una experiencia transformadora de sanaci\u00f3n celular emocional. Descubre tu verdadero potencial y toma el control de tu vida en este retiro \u00fanico. Lib\u00e9rate de viejos patrones y desbloquea una nueva forma de ser.<\/p>\n<p style=\"border: 0px solid #d9d9e3; --tw-border-spacing-x: 0; --tw-border-spacing-y: 0; --tw-translate-x: 0; --tw-translate-y: 0; --tw-rotate: 0; --tw-skew-x: 0; --tw-skew-y: 0; --tw-scale-x: 1; --tw-scale-y: 1; --tw-scroll-snap-strictness: proximity; --tw-ring-offset-width: 0px; --tw-ring-offset-color: #fff; --tw-ring-color: rgba(59,130,246,0.5); --tw-ring-offset-shadow: 0 0 transparent; --tw-ring-shadow: 0 0 transparent; --tw-shadow: 0 0 transparent; --tw-shadow-colored: 0 0 transparent; margin: 1.25em 0px; caret-color: #374151; color: #374151; font-family: S\u00f6hne, ui-sans-serif, system-ui, -apple-system, 'Segoe UI', Roboto, Ubuntu, Cantarell, 'Noto Sans', sans-serif, 'Helvetica Neue', Arial, 'Apple Color Emoji', 'Segoe UI Emoji', 'Segoe UI Symbol', 'Noto Color Emoji'; white-space: pre-wrap;\">En un entorno seguro y confidencial, abordaremos tus preocupaciones actuales y las transformaremos a nivel celular. Experimentar\u00e1s el poder del m\u00e9todo Conexi\u00f3n Victoria en tiempo real.<\/p>\n<p style=\"border: 0px solid #d9d9e3; --tw-border-spacing-x: 0; --tw-border-spacing-y: 0; --tw-translate-x: 0; --tw-translate-y: 0; --tw-rotate: 0; --tw-skew-x: 0; --tw-skew-y: 0; --tw-scale-x: 1; --tw-scale-y: 1; --tw-scroll-snap-strictness: proximity; --tw-ring-offset-width: 0px; --tw-ring-offset-color: #fff; --tw-ring-color: rgba(59,130,246,0.5); --tw-ring-offset-shadow: 0 0 transparent; --tw-ring-shadow: 0 0 transparent; --tw-shadow: 0 0 transparent; --tw-shadow-colored: 0 0 transparent; margin: 1.25em 0px; caret-color: #374151; color: #374151; font-family: S\u00f6hne, ui-sans-serif, system-ui, -apple-system, 'Segoe UI', Roboto, Ubuntu, Cantarell, 'Noto Sans', sans-serif, 'Helvetica Neue', Arial, 'Apple Color Emoji', 'Segoe UI Emoji', 'Segoe UI Symbol', 'Noto Color Emoji'; white-space: pre-wrap;\">Durante el fin de semana, anclar\u00e1s este proceso tanto a nivel energ\u00e9tico como cognitivo. Al finalizar, escribir\u00e1s tus sentimientos para recordar tu transformaci\u00f3n.<\/p>\n<p style=\"border: 0px solid #d9d9e3; --tw-border-spacing-x: 0; --tw-border-spacing-y: 0; --tw-translate-x: 0; --tw-translate-y: 0; --tw-rotate: 0; --tw-skew-x: 0; --tw-skew-y: 0; --tw-scale-x: 1; --tw-scale-y: 1; --tw-scroll-snap-strictness: proximity; --tw-ring-offset-width: 0px; --tw-ring-offset-color: #fff; --tw-ring-color: rgba(59,130,246,0.5); --tw-ring-offset-shadow: 0 0 transparent; --tw-ring-shadow: 0 0 transparent; --tw-shadow: 0 0 transparent; --tw-shadow-colored: 0 0 transparent; margin: 1.25em 0px; caret-color: #374151; color: #374151; font-family: S\u00f6hne, ui-sans-serif, system-ui, -apple-system, 'Segoe UI', Roboto, Ubuntu, Cantarell, 'Noto Sans', sans-serif, 'Helvetica Neue', Arial, 'Apple Color Emoji', 'Segoe UI Emoji', 'Segoe UI Symbol', 'Noto Color Emoji'; white-space: pre-wrap;\">Comprender\u00e1s que al sanarte a ti misma, tambi\u00e9n sanas a los dem\u00e1s. En un espacio de conexi\u00f3n y apoyo mutuo, activaremos nuevos patrones mentales que fomenten la paz y la confianza.<\/p>\n<p style=\"border: 0px solid #d9d9e3; --tw-border-spacing-x: 0; --tw-border-spacing-y: 0; --tw-translate-x: 0; --tw-translate-y: 0; --tw-rotate: 0; --tw-skew-x: 0; --tw-skew-y: 0; --tw-scale-x: 1; --tw-scale-y: 1; --tw-scroll-snap-strictness: proximity; --tw-ring-offset-width: 0px; --tw-ring-offset-color: #fff; --tw-ring-color: rgba(59,130,246,0.5); --tw-ring-offset-shadow: 0 0 transparent; --tw-ring-shadow: 0 0 transparent; --tw-shadow: 0 0 transparent; --tw-shadow-colored: 0 0 transparent; margin: 1.25em 0px; caret-color: #374151; color: #374151; font-family: S\u00f6hne, ui-sans-serif, system-ui, -apple-system, 'Segoe UI', Roboto, Ubuntu, Cantarell, 'Noto Sans', sans-serif, 'Helvetica Neue', Arial, 'Apple Color Emoji', 'Segoe UI Emoji', 'Segoe UI Symbol', 'Noto Color Emoji'; white-space: pre-wrap;\">\u00danete a nosotros en este retiro de autosanaci\u00f3n y despliega todo tu potencial. \u00a1Es hora de amarte y tomar el control de tu vida!<\/p>\n<h2>\u00bfQu\u00e9 incluye?<\/h2>\n<ul>\n<li style=\"text-align: left;\">Parte te\u00f3rica: hablaremos de ciencia con conciencia, sanaci\u00f3n celular y profundizaremos en aquello que quieres sanar<\/li>\n<li>Parte pr\u00e1ctica: Actividades para interiorizar la teor\u00eda, reeducar tu mente y aprender a utilizar tus nuevas herramientas en el d\u00eda a d\u00eda.<\/li>\n<\/ul>\n<h1>\u00bfQUIERES SABER M\u00c1S? RELLENA EL FORMULARIO:<\/h1>\n\n<div class=\"wpcf7 no-js\" id=\"wpcf7-f130-o1\" lang=\"es-ES\" dir=\"ltr\" data-wpcf7-id=\"130\">\n<div class=\"screen-reader-response\"><p role=\"status\" aria-live=\"polite\" aria-atomic=\"true\"><\/p> <ul><\/ul><\/div>\n<form action=\"\/index.php?rest_route=%2Fwp%2Fv2%2Fpages%2F211#wpcf7-f130-o1\" method=\"post\" class=\"wpcf7-form init\" aria-label=\"Formulario de contacto\" novalidate=\"novalidate\" data-status=\"init\">\n<fieldset class=\"hidden-fields-container\"><input type=\"hidden\" name=\"_wpcf7\" value=\"130\" \/><input type=\"hidden\" name=\"_wpcf7_version\" value=\"6.1.5\" \/><input type=\"hidden\" name=\"_wpcf7_locale\" value=\"es_ES\" \/><input type=\"hidden\" name=\"_wpcf7_unit_tag\" value=\"wpcf7-f130-o1\" \/><input type=\"hidden\" name=\"_wpcf7_container_post\" value=\"0\" \/><input type=\"hidden\" name=\"_wpcf7_posted_data_hash\" value=\"\" \/>\n<\/fieldset>\n<p><label> Tu nombre y apellidos<br \/>\n<span class=\"wpcf7-form-control-wrap\" data-name=\"your-name\"><input size=\"40\" maxlength=\"400\" class=\"wpcf7-form-control wpcf7-text wpcf7-validates-as-required\" autocomplete=\"name\" aria-required=\"true\" aria-invalid=\"false\" value=\"\" type=\"text\" name=\"your-name\" \/><\/span> <\/label>\n<\/p>\n<p><label> Tu correo electr\u00f3nico<br \/>\n<span class=\"wpcf7-form-control-wrap\" data-name=\"your-email\"><input size=\"40\" maxlength=\"400\" class=\"wpcf7-form-control wpcf7-email wpcf7-validates-as-required wpcf7-text wpcf7-validates-as-email\" autocomplete=\"email\" aria-required=\"true\" aria-invalid=\"false\" value=\"\" type=\"email\" name=\"your-email\" \/><\/span> <\/label>\n<\/p>\n<p><label> Asunto<br \/>\n<span class=\"wpcf7-form-control-wrap\" data-name=\"your-subject\"><input size=\"40\" maxlength=\"400\" class=\"wpcf7-form-control wpcf7-text wpcf7-validates-as-required\" aria-required=\"true\" aria-invalid=\"false\" value=\"\" type=\"text\" name=\"your-subject\" \/><\/span> <\/label>\n<\/p>\n<p><label> Tu mensaje (opcional)<br \/>\n<span class=\"wpcf7-form-control-wrap\" data-name=\"your-message\"><textarea cols=\"40\" rows=\"10\" maxlength=\"2000\" class=\"wpcf7-form-control wpcf7-textarea\" aria-invalid=\"false\" name=\"your-message\"><\/textarea><\/span> <\/label>\n<\/p>\n<p><input class=\"wpcf7-form-control wpcf7-submit has-spinner\" type=\"submit\" value=\"Enviar\" \/>\n<\/p><div class=\"wpcf7-response-output\" aria-hidden=\"true\"><\/div>\n<\/form>\n<\/div>\n\n","protected":false},"excerpt":{"rendered":"<p>Retiro \u00c1mate \u00a1Descubre el primer nivel de la toma de conciencia de la sanaci\u00f3n celular emocional y prep\u00e1rate para una transformaci\u00f3n interna profunda! \u00bfEst\u00e1s listo para dar un paso hacia una vida plena y empoderada? \u00a1Te esperamos en este retiro \u00fanico! Marca el 23 y 24 de septiembre en tu calendario, nos vemos en el [&hellip;]<\/p>\n","protected":false},"author":1,"featured_media":0,"parent":0,"menu_order":0,"comment_status":"closed","ping_status":"closed","template":"elementor_canvas","meta":{"om_disable_all_campaigns":false,"footnotes":""},"class_list":["post-211","page","type-page","status-publish","hentry"],"_links":{"self":[{"href":"https:\/\/conexionvictoria.com\/index.php?rest_route=\/wp\/v2\/pages\/211","targetHints":{"allow":["GET"]}}],"collection":[{"href":"https:\/\/conexionvictoria.com\/index.php?rest_route=\/wp\/v2\/pages"}],"about":[{"href":"https:\/\/conexionvictoria.com\/index.php?rest_route=\/wp\/v2\/types\/page"}],"author":[{"embeddable":true,"href":"https:\/\/conexionvictoria.com\/index.php?rest_route=\/wp\/v2\/users\/1"}],"replies":[{"embeddable":true,"href":"https:\/\/conexionvictoria.com\/index.php?rest_route=%2Fwp%2Fv2%2Fcomments&post=211"}],"version-history":[{"count":60,"href":"https:\/\/conexionvictoria.com\/index.php?rest_route=\/wp\/v2\/pages\/211\/revisions"}],"predecessor-version":[{"id":275,"href":"https:\/\/conexionvictoria.com\/index.php?rest_route=\/wp\/v2\/pages\/211\/revisions\/275"}],"wp:attachment":[{"href":"https:\/\/conexionvictoria.com\/index.php?rest_route=%2Fwp%2Fv2%2Fmedia&parent=211"}],"curies":[{"name":"wp","href":"https:\/\/api.w.org\/{rel}","templated":true}]}}